{"id":6097,"date":"2022-10-04T14:34:04","date_gmt":"2022-10-04T12:34:04","guid":{"rendered":"https:\/\/stage.webdesign118.de\/?page_id=6097"},"modified":"2022-11-17T16:51:35","modified_gmt":"2022-11-17T15:51:35","slug":"vocationaltraining","status":"publish","type":"page","link":"https:\/\/metallbau-glawion.com\/en\/vocationaltraining\/","title":{"rendered":"vocational training"},"content":{"rendered":"<section class=\"wpb-content-wrapper\"><p>[vc_row][vc_column]<div class=\"mgt-header-block clearfix text-left text-black wpb_content_element  mgt-header-block-style-1 mgt-header-texttransform-none  vc_custom_1664887052805\"><h2 class=\"mgt-header-block-title\">Ausbildung bei der Metallbau Glawion GmbH<\/h2><div class=\"mgt-header-line\"><\/div><\/div>[\/vc_column][\/vc_row][vc_row][vc_column][vc_column_text]<\/p>\n<h2>Die Ausbildung bei der Metallbau Glawion GmbH<\/h2>\n<p>Der Metallbau Glawion GmbH dort unterwegs, wo Innovationen entstehen.<\/p>\n<p>Indem wir laufend in das Know-how unserer Mitarbeiter und die neuesten Technologien investieren, ist unser Unternehmen mittlerweile auf 4 verbundene Unternehmen angewachsen. Gemeinsam sind wir in vier Sparten erfolgreich: Automotive, Engineering, Communication und Services.<\/p>\n<p>Mit L\u00f6sungen von vom Metallbau Glawion GmbH<br \/>\nkommen Kunden einen Schritt weiter \u2013 oder machen einen Quantensprung. Unsere Erfolgsformel: eine Unternehmenskultur mit Freiraum f\u00fcr neue Ideen, ein starker Teamgedanke und Mitarbeiter, die selbst etwas gestalten wollen.[\/vc_column_text][vc_tta_accordion color=&#8221;black&#8221; c_position=&#8221;right&#8221; active_section=&#8221;1&#8243;][vc_tta_section title=&#8221;Unsere Mission&#8221; tab_id=&#8221;1460465137169-8fa3dffe-29f8fc87-b66e&#8221;][vc_column_text]Wir geben keine erstbesten Antworten, wir stellen erst die richtigen Fragen: Ganz nah dran am Kunden verstehen wir, was gebraucht wird. Und was ihn wirklich weiterbringt. So entstehen L\u00f6sungen, die langfristig begeistern und unsere Kunden wettbewerbsf\u00e4higer machen.[\/vc_column_text][\/vc_tta_section][vc_tta_section title=&#8221;Unser Anspruch&#8221; tab_id=&#8221;1460465137231-ccbe90e5-99f5fc87-b66e&#8221;][vc_column_text]Wir entwickeln uns st\u00e4ndig weiter: im Kollegengespr\u00e4ch, in der betrieblichen Weiterbildung oder wenn wir neue berufliche Herausforderungen annehmen. Innerhalb der eigenen Firma \u2013 oder der gesamten Gruppe.[\/vc_column_text][\/vc_tta_section][vc_tta_section title=&#8221;Unser Qualit\u00e4tsanspruch&#8221; tab_id=&#8221;1464021503427-0f384f2d-275c&#8221;][vc_column_text]Wir sind Macher. Das, was wir machen, begeistert\u00a0Kunden. Aber erst muss es uns \u00fcberzeugen. Bei uns nimmt jeder Qualit\u00e4t pers\u00f6nlich, ist zu Recht stolz auf seine Leistung und bekommt daf\u00fcr ein attraktives Gehalt bezahlt.[\/vc_column_text][\/vc_tta_section][\/vc_tta_accordion][\/vc_column][\/vc_row][vc_row][vc_column]<div class=\"mgt-header-block clearfix text-left text-black wpb_content_element  mgt-header-block-style-1 mgt-header-texttransform-none \"><h3 class=\"mgt-header-block-title\">Warum bei der Metallbau Glawion GmbH arbeiten?<\/h3><div class=\"mgt-header-line\"><\/div><\/div>[\/vc_column][\/vc_row][vc_row][vc_column width=&#8221;1\/2&#8243;][vc_column_text]Wir entwickeln uns st\u00e4ndig weiter: im Kollegengespr\u00e4ch, in der betrieblichen Weiterbildung oder wenn wir neue berufliche Herausforderungen annehmen. Innerhalb der eigenen Firma \u2013 oder der gesamten Gruppe.[\/vc_column_text][\/vc_column][vc_column width=&#8221;1\/2&#8243; css=&#8221;.vc_custom_1664886501968{background-image: url(https:\/\/metallbau-glawion.com\/wp-content\/uploads\/2021\/03\/Back-Architecture-5-1.jpg?id=3209) !important;}&#8221;]<style scoped='scoped'>.mgt-promo-block-79292048663.mgt-promo-block.darken .mgt-promo-block-content {background-color: rgba(10,8,8,0.48)!important;}.mgt-promo-block-79292048663.mgt-promo-block.animated:hover .mgt-promo-block-content {background-color: rgba(0,0,0,0.8)!important;}<\/style><div class=\"mgt-promo-block animated white-text cover-image text-size-normal darken mgt-promo-block-79292048663 wpb_content_element\" data-style=\"width: 100%; height: 250px;\"><div class=\"mgt-promo-block-content va-bottom\"><div class=\"mgt-promo-block-content-inside vc_custom_1628267215181\">\n<h2><a href=\"https:\/\/metallbau-glawion.com\/en\/company\/\" target=\"_blank\" rel=\"noopener\">\u00dcber uns<\/a><\/h2>\n<div class=\"mgt-button-wrapper mgt-button-wrapper-align-left mgt-button-wrapper-display-newline mgt-button-top-margin-enable\"><a class=\"btn hvr-icon-wobble-horizontal mgt-button mgt-style-textwhite mgt-size-small mgt-align-left mgt-display-newline mgt-text-size-small mgt-button-icon-position-right mgt-text-transform-uppercase \" href=\"http:\/\/metallbau-glawion.com\/stellenbeschreibungen\/\" target=\"_blank\">Mehr Infos<i class=\"fa fa-arrow-right\"><\/i><\/a><\/div><\/div><\/div><\/div>[\/vc_column][\/vc_row][vc_row][vc_column]<div class=\"mgt-header-block clearfix text-left text-black wpb_content_element  mgt-header-block-style-1 mgt-header-texttransform-none \"><h3 class=\"mgt-header-block-title\">Offene Ausbildungsstellen<\/h3><div class=\"mgt-header-line\"><\/div><\/div>[\/vc_column][\/vc_row][vc_row][vc_column][vc_raw_html]JTNDdGFibGUlM0UlMEElM0N0aGVhZCUzRSUwQSUzQ3RyJTNFJTBBJTNDdGglM0VQb3NpdGlvbiUzQyUyRnRoJTNFJTBBJTNDdGglM0VPcnQlM0MlMkZ0aCUzRSUwQSUzQ3RoJTNFQmVydWZzbnIuJTNDJTJGdGglM0UlMEElM0N0aCUzRUJlZ2lubiUzQyUyRnRoJTNFJTBBJTNDJTJGdHIlM0UlMEElM0MlMkZ0aGVhZCUzRSUwQSUzQ3Rib2R5JTNFJTBBJTNDdHIlM0UlMEElM0N0ZCUzRU1hc2NoaW5lbi0lMjB1bmQlMjBBbmxhZ2VuZiVDMyVCQ2hyZXIlMjAlMjhtJTJGdyUyRmQlMjklM0MlMkZ0ZCUzRSUwQSUzQ3RkJTNFRWJlcnN3YWxkZSUzQyUyRnRkJTNFJTBBJTNDdGQlM0U2ODY0MDAwMTAwMDAlM0MlMkZ0ZCUzRSUwQSUzQ3RkJTNFMDEuMTIuMjAyMiUzQyUyRnRkJTNFJTBBJTNDJTJGdHIlM0UlMEElM0N0ciUzRSUwQSUzQ3RkJTNFS29uc3RydWt0aW9uc21lY2hhbmlrZXIlMjAtJTIwRWluc2F0emdlYmlldCUyMFN0YWhsJTIwJTI4bSUyRnclMkZkJTI5JTNDJTJGdGQlM0UlMEElM0N0ZCUzRUViZXJzd2FsZGUlM0MlMkZ0ZCUzRSUwQSUzQ3RkJTNFNjc2MjAwMDUwMDAwJTNDJTJGdGQlM0UlMEElM0N0ZCUzRTAxLjEyLjIwMjIlM0MlMkZ0ZCUzRSUwQSUzQyUyRnRyJTNFJTBBJTNDdHIlM0UlMEElM0N0ZCUzRUluZHVzdHJpZW1lY2hhbmlrZXIlMjAtJTIwRWluc2F0emdlYmlldCUyMEluc3RhbmRoYWx0dW5nJTIwJTI4bSUyRnclMkZkJTI5JTNDJTJGdGQlM0UlMEElM0N0ZCUzRUViZXJzd2FsZGUlM0MlMkZ0ZCUzRSUwQSUzQ3RkJTNFNjc2MTAwMDIwMDAwJTNDJTJGdGQlM0UlMEElM0N0ZCUzRTAxLjEyLjIwMjIlM0MlMkZ0ZCUzRSUwQSUzQyUyRnRyJTNFJTBBJTNDdHIlM0UlMEElM0N0ZCUzRUZhY2hrcmFmdCUyMGYlQzMlQkNyJTIwTWV0YWxsdGVjaG5payUyMEZSJTIwS29uc3RydWt0aW9uc3RlY2huaWslMjAlMjhtJTJGdyUyRmQlMjklM0MlMkZ0ZCUzRSUwQSUzQ3RkJTNFRWJlcnN3YWxkZSUzQyUyRnRkJTNFJTBBJTNDdGQlM0U2OTEyMDIwMDAwMDAlMjAlMjAlM0MlMkZ0ZCUzRSUwQSUzQ3RkJTNFMDEuMTIuMjAyMiUzQyUyRnRkJTNFJTBBJTNDJTJGdHIlM0UlMEElM0MlMkZ0Ym9keSUzRSUwQSUzQyUyRnRhYmxlJTNF[\/vc_raw_html]<div class=\"mgt-button-wrapper mgt-button-wrapper-align-left mgt-button-wrapper-display-newline mgt-button-top-margin-enable\"><a class=\"btn hvr-default mgt-button mgt-style-solid mgt-size-normal mgt-align-left mgt-display-newline mgt-text-size-normal mgt-button-icon-position-right mgt-text-transform-uppercase \" href=\"http:\/\/metallbau-glawion.com\/aktuelle-stellenangebote\/\" target=\"_blank\">Alle Stellenangebote<i class=\"fa fa-user\"><\/i><\/a><\/div>[\/vc_column][\/vc_row]<\/p>\n<\/section>","protected":false},"excerpt":{"rendered":"<p>[vc_row][vc_column][\/vc_column][\/vc_row][vc_row][vc_column][vc_column_text] Die Ausbildung bei der Metallbau Glawion GmbH Der Metallbau Glawion GmbH dort unterwegs, wo Innovationen entstehen. Indem wir laufend in das Know-how unserer Mitarbeiter und die neuesten Technologien investieren,&#8230;<\/p>\n","protected":false},"author":1,"featured_media":0,"parent":0,"menu_order":0,"comment_status":"closed","ping_status":"closed","template":"","meta":{"footnotes":""},"class_list":["post-6097","page","type-page","status-publish","hentry"],"_links":{"self":[{"href":"https:\/\/metallbau-glawion.com\/en\/wp-json\/wp\/v2\/pages\/6097","targetHints":{"allow":["GET"]}}],"collection":[{"href":"https:\/\/metallbau-glawion.com\/en\/wp-json\/wp\/v2\/pages"}],"about":[{"href":"https:\/\/metallbau-glawion.com\/en\/wp-json\/wp\/v2\/types\/page"}],"author":[{"embeddable":true,"href":"https:\/\/metallbau-glawion.com\/en\/wp-json\/wp\/v2\/users\/1"}],"replies":[{"embeddable":true,"href":"https:\/\/metallbau-glawion.com\/en\/wp-json\/wp\/v2\/comments?post=6097"}],"version-history":[{"count":1,"href":"https:\/\/metallbau-glawion.com\/en\/wp-json\/wp\/v2\/pages\/6097\/revisions"}],"predecessor-version":[{"id":6098,"href":"https:\/\/metallbau-glawion.com\/en\/wp-json\/wp\/v2\/pages\/6097\/revisions\/6098"}],"wp:attachment":[{"href":"https:\/\/metallbau-glawion.com\/en\/wp-json\/wp\/v2\/media?parent=6097"}],"curies":[{"name":"wp","href":"https:\/\/api.w.org\/{rel}","templated":true}]}}